{"id":1889,"date":"2024-01-29T07:23:26","date_gmt":"2024-01-29T07:23:26","guid":{"rendered":"https:\/\/fondacijasasamarceta.org\/?page_id=1889"},"modified":"2024-09-14T11:18:56","modified_gmt":"2024-09-14T11:18:56","slug":"team","status":"publish","type":"page","link":"https:\/\/fondacijasasamarceta.org\/en\/team\/","title":{"rendered":"Team"},"content":{"rendered":"","protected":false},"excerpt":{"rendered":"","protected":false},"author":1,"featured_media":0,"parent":0,"menu_order":0,"comment_status":"closed","ping_status":"closed","template":"template-team.php","meta":{"_acf_changed":false,"inline_featured_image":false,"footnotes":""},"class_list":["post-1889","page","type-page","status-publish","hentry"],"acf":[],"yoast_head":"<!-- This site is optimized with the Yoast SEO plugin v26.5 - https:\/\/yoast.com\/wordpress\/plugins\/seo\/ -->\n<title>Team - Fondacija Sa\u0161a Mar\u010deta<\/title>\n<meta name=\"robots\" content=\"index, follow, max-snippet:-1, max-image-preview:large, max-video-preview:-1\" \/>\n<link rel=\"canonical\" href=\"https:\/\/fondacijasasamarceta.org\/en\/team\/\" \/>\n<meta property=\"og:locale\" content=\"en_US\" \/>\n<meta property=\"og:type\" content=\"article\" \/>\n<meta property=\"og:title\" content=\"Team - Fondacija Sa\u0161a Mar\u010deta\" \/>\n<meta property=\"og:url\" content=\"https:\/\/fondacijasasamarceta.org\/en\/team\/\" \/>\n<meta property=\"og:site_name\" content=\"Fondacija Sa\u0161a Mar\u010deta\" \/>\n<meta property=\"article:modified_time\" content=\"2024-09-14T11:18:56+00:00\" \/>\n<meta property=\"og:image\" content=\"https:\/\/fondacijasasamarceta.org\/wp-content\/uploads\/2024\/10\/Screenshot_2024-10-09-10.01.53_3aF40G.png\" \/>\n\t<meta property=\"og:image:width\" content=\"1319\" \/>\n\t<meta property=\"og:image:height\" content=\"685\" \/>\n\t<meta property=\"og:image:type\" content=\"image\/png\" \/>\n<meta name=\"twitter:card\" content=\"summary_large_image\" \/>\n<script type=\"application\/ld+json\" class=\"yoast-schema-graph\">{\"@context\":\"https:\/\/schema.org\",\"@graph\":[{\"@type\":\"WebPage\",\"@id\":\"https:\/\/fondacijasasamarceta.org\/en\/team\/\",\"url\":\"https:\/\/fondacijasasamarceta.org\/en\/team\/\",\"name\":\"Team - Fondacija Sa\u0161a Mar\u010deta\",\"isPartOf\":{\"@id\":\"https:\/\/fondacijasasamarceta.org\/#website\"},\"datePublished\":\"2024-01-29T07:23:26+00:00\",\"dateModified\":\"2024-09-14T11:18:56+00:00\",\"breadcrumb\":{\"@id\":\"https:\/\/fondacijasasamarceta.org\/en\/team\/#breadcrumb\"},\"inLanguage\":\"en-US\",\"potentialAction\":[{\"@type\":\"ReadAction\",\"target\":[\"https:\/\/fondacijasasamarceta.org\/en\/team\/\"]}]},{\"@type\":\"BreadcrumbList\",\"@id\":\"https:\/\/fondacijasasamarceta.org\/en\/team\/#breadcrumb\",\"itemListElement\":[{\"@type\":\"ListItem\",\"position\":1,\"name\":\"Home\",\"item\":\"https:\/\/fondacijasasamarceta.org\/en\/\"},{\"@type\":\"ListItem\",\"position\":2,\"name\":\"Team\"}]},{\"@type\":\"WebSite\",\"@id\":\"https:\/\/fondacijasasamarceta.org\/#website\",\"url\":\"https:\/\/fondacijasasamarceta.org\/\",\"name\":\"Fondacija Sa\u0161a Mar\u010deta\",\"description\":\"Fondacija Sa\u0161a Mar\u010deta je neprofitabilna organizacija koja za cilj ima afirmisanje i podr\u017eavanje savremene umetnosti i kulture.\",\"publisher\":{\"@id\":\"https:\/\/fondacijasasamarceta.org\/#organization\"},\"potentialAction\":[{\"@type\":\"SearchAction\",\"target\":{\"@type\":\"EntryPoint\",\"urlTemplate\":\"https:\/\/fondacijasasamarceta.org\/?s={search_term_string}\"},\"query-input\":{\"@type\":\"PropertyValueSpecification\",\"valueRequired\":true,\"valueName\":\"search_term_string\"}}],\"inLanguage\":\"en-US\"},{\"@type\":\"Organization\",\"@id\":\"https:\/\/fondacijasasamarceta.org\/#organization\",\"name\":\"Fondacija Sa\u0161a Mar\u010deta\",\"alternateName\":\"Foundation Sa\u0161a Mar\u010deta\",\"url\":\"https:\/\/fondacijasasamarceta.org\/\",\"logo\":{\"@type\":\"ImageObject\",\"inLanguage\":\"en-US\",\"@id\":\"https:\/\/fondacijasasamarceta.org\/#\/schema\/logo\/image\/\",\"url\":\"https:\/\/fondacijasasamarceta.org\/wp-content\/uploads\/2024\/09\/Fondacija_Sasa_Marceta_logo_transparent_cropped.png\",\"contentUrl\":\"https:\/\/fondacijasasamarceta.org\/wp-content\/uploads\/2024\/09\/Fondacija_Sasa_Marceta_logo_transparent_cropped.png\",\"width\":1762,\"height\":514,\"caption\":\"Fondacija Sa\u0161a Mar\u010deta\"},\"image\":{\"@id\":\"https:\/\/fondacijasasamarceta.org\/#\/schema\/logo\/image\/\"}}]}<\/script>\n<!-- \/ Yoast SEO plugin. -->","yoast_head_json":{"title":"Team - Fondacija Sa\u0161a Mar\u010deta","robots":{"index":"index","follow":"follow","max-snippet":"max-snippet:-1","max-image-preview":"max-image-preview:large","max-video-preview":"max-video-preview:-1"},"canonical":"https:\/\/fondacijasasamarceta.org\/en\/team\/","og_locale":"en_US","og_type":"article","og_title":"Team - Fondacija Sa\u0161a Mar\u010deta","og_url":"https:\/\/fondacijasasamarceta.org\/en\/team\/","og_site_name":"Fondacija Sa\u0161a Mar\u010deta","article_modified_time":"2024-09-14T11:18:56+00:00","og_image":[{"width":1319,"height":685,"url":"https:\/\/fondacijasasamarceta.org\/wp-content\/uploads\/2024\/10\/Screenshot_2024-10-09-10.01.53_3aF40G.png","type":"image\/png"}],"twitter_card":"summary_large_image","schema":{"@context":"https:\/\/schema.org","@graph":[{"@type":"WebPage","@id":"https:\/\/fondacijasasamarceta.org\/en\/team\/","url":"https:\/\/fondacijasasamarceta.org\/en\/team\/","name":"Team - Fondacija Sa\u0161a Mar\u010deta","isPartOf":{"@id":"https:\/\/fondacijasasamarceta.org\/#website"},"datePublished":"2024-01-29T07:23:26+00:00","dateModified":"2024-09-14T11:18:56+00:00","breadcrumb":{"@id":"https:\/\/fondacijasasamarceta.org\/en\/team\/#breadcrumb"},"inLanguage":"en-US","potentialAction":[{"@type":"ReadAction","target":["https:\/\/fondacijasasamarceta.org\/en\/team\/"]}]},{"@type":"BreadcrumbList","@id":"https:\/\/fondacijasasamarceta.org\/en\/team\/#breadcrumb","itemListElement":[{"@type":"ListItem","position":1,"name":"Home","item":"https:\/\/fondacijasasamarceta.org\/en\/"},{"@type":"ListItem","position":2,"name":"Team"}]},{"@type":"WebSite","@id":"https:\/\/fondacijasasamarceta.org\/#website","url":"https:\/\/fondacijasasamarceta.org\/","name":"Fondacija Sa\u0161a Mar\u010deta","description":"Fondacija Sa\u0161a Mar\u010deta je neprofitabilna organizacija koja za cilj ima afirmisanje i podr\u017eavanje savremene umetnosti i kulture.","publisher":{"@id":"https:\/\/fondacijasasamarceta.org\/#organization"},"potentialAction":[{"@type":"SearchAction","target":{"@type":"EntryPoint","urlTemplate":"https:\/\/fondacijasasamarceta.org\/?s={search_term_string}"},"query-input":{"@type":"PropertyValueSpecification","valueRequired":true,"valueName":"search_term_string"}}],"inLanguage":"en-US"},{"@type":"Organization","@id":"https:\/\/fondacijasasamarceta.org\/#organization","name":"Fondacija Sa\u0161a Mar\u010deta","alternateName":"Foundation Sa\u0161a Mar\u010deta","url":"https:\/\/fondacijasasamarceta.org\/","logo":{"@type":"ImageObject","inLanguage":"en-US","@id":"https:\/\/fondacijasasamarceta.org\/#\/schema\/logo\/image\/","url":"https:\/\/fondacijasasamarceta.org\/wp-content\/uploads\/2024\/09\/Fondacija_Sasa_Marceta_logo_transparent_cropped.png","contentUrl":"https:\/\/fondacijasasamarceta.org\/wp-content\/uploads\/2024\/09\/Fondacija_Sasa_Marceta_logo_transparent_cropped.png","width":1762,"height":514,"caption":"Fondacija Sa\u0161a Mar\u010deta"},"image":{"@id":"https:\/\/fondacijasasamarceta.org\/#\/schema\/logo\/image\/"}}]}},"_links":{"self":[{"href":"https:\/\/fondacijasasamarceta.org\/en\/wp-json\/wp\/v2\/pages\/1889","targetHints":{"allow":["GET"]}}],"collection":[{"href":"https:\/\/fondacijasasamarceta.org\/en\/wp-json\/wp\/v2\/pages"}],"about":[{"href":"https:\/\/fondacijasasamarceta.org\/en\/wp-json\/wp\/v2\/types\/page"}],"author":[{"embeddable":true,"href":"https:\/\/fondacijasasamarceta.org\/en\/wp-json\/wp\/v2\/users\/1"}],"replies":[{"embeddable":true,"href":"https:\/\/fondacijasasamarceta.org\/en\/wp-json\/wp\/v2\/comments?post=1889"}],"version-history":[{"count":2,"href":"https:\/\/fondacijasasamarceta.org\/en\/wp-json\/wp\/v2\/pages\/1889\/revisions"}],"predecessor-version":[{"id":1904,"href":"https:\/\/fondacijasasamarceta.org\/en\/wp-json\/wp\/v2\/pages\/1889\/revisions\/1904"}],"wp:attachment":[{"href":"https:\/\/fondacijasasamarceta.org\/en\/wp-json\/wp\/v2\/media?parent=1889"}],"curies":[{"name":"wp","href":"https:\/\/api.w.org\/{rel}","templated":true}]}}